{"id":1218,"date":"2023-10-24T18:34:39","date_gmt":"2023-10-24T16:34:39","guid":{"rendered":"https:\/\/staerk-bikes.nl\/?page_id=1218"},"modified":"2025-04-10T17:30:12","modified_gmt":"2025-04-10T15:30:12","slug":"locaties-voor-verhuur","status":"publish","type":"page","link":"https:\/\/staerk-bikes.nl\/de\/locaties-voor-verhuur\/","title":{"rendered":"Miet-Tandems"},"content":{"rendered":"<p>Soms is het fijn om een ST\u00c6RK Tandem wat langer uit te proberen voordat je tot aanschaf over gaat. Een dag of een weekend huren is dan wellicht een optie. Op de locaties gemarkeerd op de kaart is het mogelijk om een ST\u00c6RK tandem te huren. Neem contact op met de locatie om meer te leren over mogelijkheden en prijzen. <\/p>\n\n\n\n<div class=\"wp-block-jetpack-map is-style-default\" data-map-id=\"jp-map-1\" data-map-provider=\"mapkit\" data-api-key=\"pk.eyJ1IjoiYXV0b21hdHRpYyIsImEiOiJjazVpZjA5aWswYTFvM21sOWtzNW1rNG9lIn0.Gu-sp4wRxnnQB-Qa8CpuZQ\" data-map-style=\"default\" data-blog-id=\"202429917\"><ul><li><a href=\"https:\/\/www.google.com\/maps\/search\/?api=1&amp;query=52.00638198852539,6.034010410308838\">Veluwe Actief Rheden<\/a><\/li><li><a href=\"https:\/\/www.google.com\/maps\/search\/?api=1&amp;query=53.45158386230469,5.801231384277344\">Metz fietsverhuur Buren<\/a><\/li><li><a href=\"https:\/\/www.google.com\/maps\/search\/?api=1&amp;query=51.965301513671875,6.290748596191406\">Doetinchem, Bulten<\/a><\/li><li><a href=\"https:\/\/www.google.com\/maps\/search\/?api=1&amp;query=52.36931610107422,5.7708821296691895\">Hoegen Fietsverhuur, Nunspeet<\/a><\/li><li><a href=\"https:\/\/www.google.com\/maps\/search\/?api=1&amp;query=52.09162521362305,5.131250381469727\">Kok Fietsen, Utrecht<\/a><\/li><li><a href=\"https:\/\/www.google.com\/maps\/search\/?api=1&amp;query=46.4971044,2.4303793\">Saint-D\u00e9sir\u00e9, Frankrijk<\/a><\/li><li><a href=\"https:\/\/www.google.com\/maps\/search\/?api=1&amp;query=52.3607205,6.9809631\">Aktief Twente<\/a><\/li><\/ul><\/div>\n\n\n\n<p>Stehen Sie nicht auf dieser Liste, w\u00fcrden aber gerne dabei sein? Kontaktieren Sie uns, um die M\u00f6glichkeiten einer Zusammenarbeit zu besprechen. <\/p>\n\n\n\n<div class=\"wp-block-group alignfull has-primary-background-color has-background\"><div class=\"wp-block-group__inner-container is-layout-flow wp-block-group-is-layout-flow\">\n<p class=\"has-text-align-center\"><strong>\u00a9<\/strong> ST\u00c6RK 2022<\/p>\n\n\n\n<p class=\"has-text-align-center\" style=\"font-size:14px\">Irrt\u00fcmer vorbehalten,es k\u00f6nnen keine Rechte oder Garantien f\u00fcr die Informationen auf der dieser Webseite abgeleitet werden. Ausstattung und Preise k\u00f6nnen auch ohne vorherige Ank\u00fcndigung ge\u00e4ndert werden. Aufgrund der Knappheit auf dem Teilemarkt kann es manchmal notwendig sein, auf alternative Bauteile auszuweichen oder es kann eine notwendige Preisanpassung erforderlich sein.<\/p>\n<\/div><\/div>","protected":false},"excerpt":{"rendered":"<p>Soms is het fijn om een ST\u00c6RK Tandem wat langer uit te proberen voordat je tot aanschaf over gaat. Een dag of een weekend huren is dan wellicht een optie. Op de locaties gemarkeerd op de kaart is het mogelijk om een ST\u00c6RK tandem te huren. Neem contact op met de locatie om meer te [&hellip;]<\/p>\n","protected":false},"author":216779512,"featured_media":0,"parent":0,"menu_order":0,"comment_status":"closed","ping_status":"closed","template":"","meta":{"advanced_seo_description":"","jetpack_seo_html_title":"","jetpack_seo_noindex":false,"footnotes":""},"class_list":["post-1218","page","type-page","status-publish","hentry"],"jetpack_likes_enabled":true,"jetpack_sharing_enabled":true,"jetpack_shortlink":"https:\/\/wp.me\/PdHngF-jE","jetpack-related-posts":[],"_links":{"self":[{"href":"https:\/\/staerk-bikes.nl\/de\/wp-json\/wp\/v2\/pages\/1218","targetHints":{"allow":["GET"]}}],"collection":[{"href":"https:\/\/staerk-bikes.nl\/de\/wp-json\/wp\/v2\/pages"}],"about":[{"href":"https:\/\/staerk-bikes.nl\/de\/wp-json\/wp\/v2\/types\/page"}],"author":[{"embeddable":true,"href":"https:\/\/staerk-bikes.nl\/de\/wp-json\/wp\/v2\/users\/216779512"}],"replies":[{"embeddable":true,"href":"https:\/\/staerk-bikes.nl\/de\/wp-json\/wp\/v2\/comments?post=1218"}],"version-history":[{"count":34,"href":"https:\/\/staerk-bikes.nl\/de\/wp-json\/wp\/v2\/pages\/1218\/revisions"}],"predecessor-version":[{"id":3094,"href":"https:\/\/staerk-bikes.nl\/de\/wp-json\/wp\/v2\/pages\/1218\/revisions\/3094"}],"wp:attachment":[{"href":"https:\/\/staerk-bikes.nl\/de\/wp-json\/wp\/v2\/media?parent=1218"}],"curies":[{"name":"wp","href":"https:\/\/api.w.org\/{rel}","templated":true}]}}