{"id":273,"date":"2022-03-24T23:05:38","date_gmt":"2022-03-24T22:05:38","guid":{"rendered":"https:\/\/staerk-bikes.nl\/?page_id=273"},"modified":"2024-09-26T08:09:32","modified_gmt":"2024-09-26T06:09:32","slug":"handleidingen","status":"publish","type":"page","link":"https:\/\/staerk-bikes.nl\/de\/handleidingen\/","title":{"rendered":"Bedienungsanleitungen"},"content":{"rendered":"<div style=\"height:24px\" aria-hidden=\"true\" class=\"wp-block-spacer\"><\/div>\n\n\n\n<p>Hier k\u00f6nnen Sie das allgemeine Handbuch f\u00fcr Ihr ST\u00c6RK Tandem einsehen und herunterladen.\n\n(Scrollen Sie nach unten f\u00fcr die deutsche Version)<\/p>\n\n\n\n<p>Niederl\u00e4ndisch:<\/p>\n\n\n\n<div data-wp-interactive=\"core\/file\" class=\"wp-block-file\"><object data-wp-bind--hidden=\"!state.hasPdfPreview\" hidden class=\"wp-block-file__embed\" data=\"https:\/\/staerk-bikes.nl\/wp-content\/uploads\/2022\/03\/gebruiksaanwijzing-staerk-tandems.pdf\" type=\"application\/pdf\" style=\"width:100%;height:600px\" aria-label=\"Einbettung von gebruiksaanwijzing-staerk-tandems.\"><\/object><a id=\"wp-block-file--media-61358c84-13ca-454c-a53f-c3a311296f48\" href=\"https:\/\/staerk-bikes.nl\/wp-content\/uploads\/2022\/03\/gebruiksaanwijzing-staerk-tandems.pdf\">gebruiksaanwijzing-staerk-tandems<\/a><a href=\"https:\/\/staerk-bikes.nl\/wp-content\/uploads\/2022\/03\/gebruiksaanwijzing-staerk-tandems.pdf\" class=\"wp-block-file__button wp-element-button\" download aria-describedby=\"wp-block-file--media-61358c84-13ca-454c-a53f-c3a311296f48\">Download<\/a><\/div>\n\n\n\n<p>Englisch:<\/p>\n\n\n\n<div data-wp-interactive=\"core\/file\" class=\"wp-block-file\"><object data-wp-bind--hidden=\"!state.hasPdfPreview\" hidden class=\"wp-block-file__embed\" data=\"https:\/\/staerk-bikes.nl\/wp-content\/uploads\/2023\/09\/manual-staerk-tandems.pdf\" type=\"application\/pdf\" style=\"width:100%;height:600px\" aria-label=\"Einbettung von manual-staerk-tandems.\"><\/object><a id=\"wp-block-file--media-61358c84-13ca-454c-a53f-c3a311296f48\" href=\"https:\/\/staerk-bikes.nl\/wp-content\/uploads\/2023\/09\/manual-staerk-tandems.pdf\">manual-staerk-tandems<\/a><a href=\"https:\/\/staerk-bikes.nl\/wp-content\/uploads\/2023\/09\/manual-staerk-tandems.pdf\" class=\"wp-block-file__button wp-element-button\" download aria-describedby=\"wp-block-file--media-61358c84-13ca-454c-a53f-c3a311296f48\">Download<\/a><\/div>\n\n\n\n<p>Deutsch:<\/p>\n\n\n\n<div data-wp-interactive=\"core\/file\" class=\"wp-block-file\"><object data-wp-bind--hidden=\"!state.hasPdfPreview\" hidden class=\"wp-block-file__embed\" data=\"https:\/\/staerk-bikes.nl\/wp-content\/uploads\/2023\/09\/manual-staerk-tandems-de.pdf\" type=\"application\/pdf\" style=\"width:100%;height:600px\" aria-label=\"Einbettung von manual-staerk-tandems-de.\"><\/object><a id=\"wp-block-file--media-61358c84-13ca-454c-a53f-c3a311296f48\" href=\"https:\/\/staerk-bikes.nl\/wp-content\/uploads\/2023\/09\/manual-staerk-tandems-de.pdf\">manual-staerk-tandems-de<\/a><a href=\"https:\/\/staerk-bikes.nl\/wp-content\/uploads\/2023\/09\/manual-staerk-tandems-de.pdf\" class=\"wp-block-file__button wp-element-button\" download aria-describedby=\"wp-block-file--media-61358c84-13ca-454c-a53f-c3a311296f48\">Download<\/a><\/div>\n\n\n\n<p>Niederl\u00e4ndisch:<\/p>\n\n\n\n<div data-wp-interactive=\"core\/file\" class=\"wp-block-file\"><object data-wp-bind--hidden=\"!state.hasPdfPreview\" hidden class=\"wp-block-file__embed\" data=\"https:\/\/staerk-bikes.nl\/wp-content\/uploads\/2024\/09\/Gebruiksaanwijzing-voor-DAPU-e-Set.pdf\" type=\"application\/pdf\" style=\"width:100%;height:600px\" aria-label=\"Einbettung von Gebruiksaanwijzing voor DAPU e Set.\"><\/object><a id=\"wp-block-file--media-d033d93a-bdfc-4eb0-9543-67b3ffa63c50\" href=\"https:\/\/staerk-bikes.nl\/wp-content\/uploads\/2024\/09\/Gebruiksaanwijzing-voor-DAPU-e-Set.pdf\">Gebruiksaanwijzing voor DAPU e Set<\/a><a href=\"https:\/\/staerk-bikes.nl\/wp-content\/uploads\/2024\/09\/Gebruiksaanwijzing-voor-DAPU-e-Set.pdf\" class=\"wp-block-file__button wp-element-button\" download aria-describedby=\"wp-block-file--media-d033d93a-bdfc-4eb0-9543-67b3ffa63c50\">Download<\/a><\/div>","protected":false},"excerpt":{"rendered":"<p>Zie en download hier de algemene handleiding voor uw ST\u00c6RK tandem. Nederlands: Engels: Duits: Nederlands:<\/p>","protected":false},"author":216779512,"featured_media":0,"parent":0,"menu_order":0,"comment_status":"closed","ping_status":"closed","template":"","meta":{"advanced_seo_description":"","jetpack_seo_html_title":"","jetpack_seo_noindex":false,"footnotes":""},"class_list":["post-273","page","type-page","status-publish","hentry"],"jetpack_likes_enabled":true,"jetpack_sharing_enabled":true,"jetpack_shortlink":"https:\/\/wp.me\/PdHngF-4p","jetpack-related-posts":[],"_links":{"self":[{"href":"https:\/\/staerk-bikes.nl\/de\/wp-json\/wp\/v2\/pages\/273","targetHints":{"allow":["GET"]}}],"collection":[{"href":"https:\/\/staerk-bikes.nl\/de\/wp-json\/wp\/v2\/pages"}],"about":[{"href":"https:\/\/staerk-bikes.nl\/de\/wp-json\/wp\/v2\/types\/page"}],"author":[{"embeddable":true,"href":"https:\/\/staerk-bikes.nl\/de\/wp-json\/wp\/v2\/users\/216779512"}],"replies":[{"embeddable":true,"href":"https:\/\/staerk-bikes.nl\/de\/wp-json\/wp\/v2\/comments?post=273"}],"version-history":[{"count":7,"href":"https:\/\/staerk-bikes.nl\/de\/wp-json\/wp\/v2\/pages\/273\/revisions"}],"predecessor-version":[{"id":2253,"href":"https:\/\/staerk-bikes.nl\/de\/wp-json\/wp\/v2\/pages\/273\/revisions\/2253"}],"wp:attachment":[{"href":"https:\/\/staerk-bikes.nl\/de\/wp-json\/wp\/v2\/media?parent=273"}],"curies":[{"name":"wp","href":"https:\/\/api.w.org\/{rel}","templated":true}]}}