{"id":5,"date":"2022-02-16T20:38:56","date_gmt":"2022-02-16T19:38:56","guid":{"rendered":"https:\/\/staerk-bikes.nl\/?page_id=5"},"modified":"2023-09-07T16:35:00","modified_gmt":"2023-09-07T14:35:00","slug":"ons-verhaal","status":"publish","type":"page","link":"https:\/\/staerk-bikes.nl\/de\/ons-verhaal\/","title":{"rendered":"Unsere Geschichte"},"content":{"rendered":"<div class=\"wp-block-media-text alignfull is-stacked-on-mobile is-image-fill\"><figure class=\"wp-block-media-text__media\" style=\"background-image:url(https:\/\/staerk-bikes.nl\/wp-content\/uploads\/2022\/03\/staerk-tandem-d14-staerk-embleem-2.jpg);background-position:53% 34%\"><img data-recalc-dims=\"1\" loading=\"lazy\" decoding=\"async\" width=\"580\" height=\"435\" data-attachment-id=\"214\" data-permalink=\"https:\/\/staerk-bikes.nl\/de\/staerk-tandem-d14-staerk-embleem-2\/\" data-orig-file=\"https:\/\/i0.wp.com\/staerk-bikes.nl\/wp-content\/uploads\/2022\/03\/staerk-tandem-d14-staerk-embleem-2.jpg?fit=3000%2C2250&amp;ssl=1\" data-orig-size=\"3000,2250\" data-comments-opened=\"0\" data-image-meta=\"{&quot;aperture&quot;:&quot;0&quot;,&quot;credit&quot;:&quot;&quot;,&quot;camera&quot;:&quot;&quot;,&quot;caption&quot;:&quot;&quot;,&quot;created_timestamp&quot;:&quot;0&quot;,&quot;copyright&quot;:&quot;&quot;,&quot;focal_length&quot;:&quot;0&quot;,&quot;iso&quot;:&quot;0&quot;,&quot;shutter_speed&quot;:&quot;0&quot;,&quot;title&quot;:&quot;&quot;,&quot;orientation&quot;:&quot;1&quot;}\" data-image-title=\"staerk-tandem-d14-staerk-embleem-2\" data-image-description=\"\" data-image-caption=\"\" data-large-file=\"https:\/\/i0.wp.com\/staerk-bikes.nl\/wp-content\/uploads\/2022\/03\/staerk-tandem-d14-staerk-embleem-2.jpg?fit=580%2C435&amp;ssl=1\" src=\"https:\/\/i0.wp.com\/staerk-bikes.nl\/wp-content\/uploads\/2022\/03\/staerk-tandem-d14-staerk-embleem-2.jpg?resize=580%2C435&#038;ssl=1\" alt=\"\" class=\"wp-image-214 size-full\"\/><\/figure><div class=\"wp-block-media-text__content\">\n<div class=\"wp-block-cover is-light\" style=\"min-height:95vh;aspect-ratio:unset;\"><span aria-hidden=\"true\" class=\"wp-block-cover__background has-background-background-color has-background-dim-100 has-background-dim\"><\/span><div class=\"wp-block-cover__inner-container is-layout-flow wp-block-cover-is-layout-flow\">\n<p class=\"has-text-align-center has-background-background-color has-background\">ST\u00c6RK entwickelt und liefert seit 2022 Tandems. Alle ST\u00c6RK Tandems sind faltbar, sportlich, zuverl\u00e4ssig und stark. <strong>(Staerk).<\/strong>. <\/p>\n\n\n\n<p>Bei der Auswahl der Komponenten legt ST\u00c6RK gro\u00dfen Wert auf hochwertige Qualit\u00e4t. Ein Beispiel daf\u00fcr sind die extra stabilen Speichen und Felgen; die meisten Modelle werden mit mehr Speichen als ein normales Fahrrad geliefert, da Tandemr\u00e4der zus\u00e4tzlich belastet werden. Weitere Informationen zu den Komponenten finden Sie auf der Seite \u00fcber <a href=\"https:\/\/staerk-bikes.nl\/de\/modellen\/\">unsere Tandems<\/a> oder in den Produktinformationen jedes Modells.<\/p>\n\n\n\n<p>Neben hochwertiger Qualit\u00e4t legt ST\u00c6RK gro\u00dfen Wert auf Benutzerfreundlichkeit. Zum Beispiel sind viele Teile der ST\u00c6RK Tandems aus Aluminium gefertigt, einschlie\u00dflich des Rahmens. Dadurch ist das Fahrrad nicht unn\u00f6tig schwer und einfach zu handhaben. Die Benutzerfreundlichkeit zeigt sich auch in der Faltbarkeit der ST\u00c6RK Tandems. Dadurch ist die Gesamtl\u00e4nge des Tandems variabel und l\u00e4sst sich leicht mit dem Auto und den meisten Fahrradtr\u00e4gern transportieren*. <\/p>\n\n\n\n<p>Um einen guten Service sicherzustellen, erfolgt der Verkauf ausschlie\u00dflich \u00fcber autorisierte Fahrrad-Fachh\u00e4ndler. Es ist jedoch m\u00f6glich, den eigenen Ausstellungsraum in Doetinchem nach Terminvereinbarung zu besuchen. Sowohl H\u00e4ndler als auch Verbraucher sind herzlich eingeladen, sich die Tandems anzusehen. <\/p>\n\n\n\n<p class=\"has-small-font-size\">*Kontaktieren Sie uns f\u00fcr Beratung zu den f\u00fcr Sie am besten geeigneten Modellen. <\/p>\n<\/div><\/div>\n<\/div><\/div>\n\n\n\n<div class=\"wp-block-media-text alignfull has-media-on-the-right is-stacked-on-mobile is-image-fill\"><div class=\"wp-block-media-text__content\">\n<div class=\"wp-block-cover is-light\" style=\"min-height:95vh;aspect-ratio:unset;\"><span aria-hidden=\"true\" class=\"wp-block-cover__background has-background-background-color has-background-dim-100 has-background-dim\"><\/span><div class=\"wp-block-cover__inner-container is-layout-flow wp-block-cover-is-layout-flow\">\n<h1 class=\"wp-block-heading has-text-align-center\" id=\"jacob-pot\"><strong>Jacob Pot<\/strong><\/h1>\n\n\n\n<p class=\"has-text-align-left has-background-background-color has-background\">Jacob ist nach mehr als 30 Jahren in der niederl\u00e4ndischen Fahrradbranche eine etablierte Gr\u00f6\u00dfe. Als er 2013 mit JPTrading&amp;Engineering begann, brachte er seine Leidenschaft f\u00fcr Innovation und Produktentwicklung auf ein neues Niveau. Mit ST\u00c6RK setzt er fort, was er schon immer getan hat: die Lieferung von erstklassiger Qualit\u00e4t bis ins kleinste Detail durchdacht.<\/p>\n\n\n\n<ul class=\"wp-block-social-links aligncenter is-style-default is-content-justification-center is-layout-flex wp-container-core-social-links-is-layout-16018d1d wp-block-social-links-is-layout-flex\"><li class=\"wp-social-link wp-social-link-linkedin  wp-block-social-link\"><a href=\"https:\/\/www.linkedin.com\/in\/jacob-pot-a50a8263\/\" class=\"wp-block-social-link-anchor\"><svg width=\"24\" height=\"24\" viewbox=\"0 0 24 24\" version=\"1.1\" xmlns=\"http:\/\/www.w3.org\/2000\/svg\" aria-hidden=\"true\" focusable=\"false\"><path d=\"M19.7,3H4.3C3.582,3,3,3.582,3,4.3v15.4C3,20.418,3.582,21,4.3,21h15.4c0.718,0,1.3-0.582,1.3-1.3V4.3 C21,3.582,20.418,3,19.7,3z M8.339,18.338H5.667v-8.59h2.672V18.338z M7.004,8.574c-0.857,0-1.549-0.694-1.549-1.548 c0-0.855,0.691-1.548,1.549-1.548c0.854,0,1.547,0.694,1.547,1.548C8.551,7.881,7.858,8.574,7.004,8.574z M18.339,18.338h-2.669 v-4.177c0-0.996-0.017-2.278-1.387-2.278c-1.389,0-1.601,1.086-1.601,2.206v4.249h-2.667v-8.59h2.559v1.174h0.037 c0.356-0.675,1.227-1.387,2.526-1.387c2.703,0,3.203,1.779,3.203,4.092V18.338z\"><\/path><\/svg><span class=\"wp-block-social-link-label screen-reader-text\">LinkedIn<\/span><\/a><\/li>\n\n<li class=\"wp-social-link wp-social-link-facebook  wp-block-social-link\"><a href=\"https:\/\/www.facebook.com\/jacob.pot.5\" class=\"wp-block-social-link-anchor\"><svg width=\"24\" height=\"24\" viewbox=\"0 0 24 24\" version=\"1.1\" xmlns=\"http:\/\/www.w3.org\/2000\/svg\" aria-hidden=\"true\" focusable=\"false\"><path d=\"M12 2C6.5 2 2 6.5 2 12c0 5 3.7 9.1 8.4 9.9v-7H7.9V12h2.5V9.8c0-2.5 1.5-3.9 3.8-3.9 1.1 0 2.2.2 2.2.2v2.5h-1.3c-1.2 0-1.6.8-1.6 1.6V12h2.8l-.4 2.9h-2.3v7C18.3 21.1 22 17 22 12c0-5.5-4.5-10-10-10z\"><\/path><\/svg><span class=\"wp-block-social-link-label screen-reader-text\">Facebook<\/span><\/a><\/li>\n\n<li class=\"wp-social-link wp-social-link-chain  wp-block-social-link\"><a href=\"http:\/\/jptradingengineering.nl\/\" class=\"wp-block-social-link-anchor\"><svg width=\"24\" height=\"24\" viewbox=\"0 0 24 24\" version=\"1.1\" xmlns=\"http:\/\/www.w3.org\/2000\/svg\" aria-hidden=\"true\" focusable=\"false\"><path d=\"M15.6,7.2H14v1.5h1.6c2,0,3.7,1.7,3.7,3.7s-1.7,3.7-3.7,3.7H14v1.5h1.6c2.8,0,5.2-2.3,5.2-5.2,0-2.9-2.3-5.2-5.2-5.2zM4.7,12.4c0-2,1.7-3.7,3.7-3.7H10V7.2H8.4c-2.9,0-5.2,2.3-5.2,5.2,0,2.9,2.3,5.2,5.2,5.2H10v-1.5H8.4c-2,0-3.7-1.7-3.7-3.7zm4.6.9h5.3v-1.5H9.3v1.5z\"><\/path><\/svg><span class=\"wp-block-social-link-label screen-reader-text\">Link<\/span><\/a><\/li><\/ul>\n\n\n\n<div style=\"height:100px\" aria-hidden=\"true\" class=\"wp-block-spacer\"><\/div>\n<\/div><\/div>\n<\/div><figure class=\"wp-block-media-text__media\" style=\"background-image:url(https:\/\/staerk-bikes.nl\/wp-content\/uploads\/2022\/03\/dsf9658-1.jpg?w=768);background-position:48% 8%\"><img data-recalc-dims=\"1\" loading=\"lazy\" decoding=\"async\" width=\"580\" height=\"773\" data-attachment-id=\"269\" data-permalink=\"https:\/\/staerk-bikes.nl\/de\/dsf9658-1\/\" data-orig-file=\"https:\/\/i0.wp.com\/staerk-bikes.nl\/wp-content\/uploads\/2022\/03\/dsf9658-1.jpg?fit=2250%2C3000&amp;ssl=1\" data-orig-size=\"2250,3000\" data-comments-opened=\"0\" data-image-meta=\"{&quot;aperture&quot;:&quot;0&quot;,&quot;credit&quot;:&quot;&quot;,&quot;camera&quot;:&quot;&quot;,&quot;caption&quot;:&quot;&quot;,&quot;created_timestamp&quot;:&quot;0&quot;,&quot;copyright&quot;:&quot;&quot;,&quot;focal_length&quot;:&quot;0&quot;,&quot;iso&quot;:&quot;0&quot;,&quot;shutter_speed&quot;:&quot;0&quot;,&quot;title&quot;:&quot;&quot;,&quot;orientation&quot;:&quot;1&quot;}\" data-image-title=\"dsf9658-1\" data-image-description=\"\" data-image-caption=\"\" data-large-file=\"https:\/\/i0.wp.com\/staerk-bikes.nl\/wp-content\/uploads\/2022\/03\/dsf9658-1.jpg?fit=580%2C773&amp;ssl=1\" src=\"https:\/\/i0.wp.com\/staerk-bikes.nl\/wp-content\/uploads\/2022\/03\/dsf9658-1.jpg?resize=580%2C773&#038;ssl=1\" alt=\"\" class=\"wp-image-269 size-full\"\/><\/figure><\/div>\n\n\n\n<div class=\"wp-block-group alignfull has-primary-background-color has-background\"><div class=\"wp-block-group__inner-container is-layout-flow wp-block-group-is-layout-flow\">\n<p class=\"has-text-align-center\"><strong>\u00a9<\/strong> ST\u00c6RK 2022<\/p>\n\n\n\n<p class=\"has-text-align-center\" style=\"font-size:14px\">Irrt\u00fcmer vorbehalten,es k\u00f6nnen keine Rechte oder Garantien f\u00fcr die Informationen auf der dieser Webseite abgeleitet werden. Ausstattung und Preise k\u00f6nnen auch ohne vorherige Ank\u00fcndigung ge\u00e4ndert werden. Aufgrund der Knappheit auf dem Teilemarkt kann es manchmal notwendig sein, auf alternative Bauteile auszuweichen oder es kann eine notwendige Preisanpassung erforderlich sein.<\/p>\n<\/div><\/div>","protected":false},"excerpt":{"rendered":"<p>\u00a9 ST\u00c6RK 2022 Fouten voorbehouden, er zijn geen rechten of garanties te verbinden aan de informatie op deze site. Specificaties en prijzen kunnen aangepast worden zonder voorafgaande melding. Gezien de schaarste op de onderdelenmarkt moet er soms uitgeweken worden naar andere onderdelen of kan er een plotselinge prijswijziging nodig zijn.<\/p>","protected":false},"author":216779512,"featured_media":0,"parent":0,"menu_order":2,"comment_status":"closed","ping_status":"closed","template":"","meta":{"advanced_seo_description":"","jetpack_seo_html_title":"","jetpack_seo_noindex":false,"footnotes":""},"class_list":["post-5","page","type-page","status-publish","hentry"],"jetpack_likes_enabled":true,"jetpack_sharing_enabled":true,"jetpack_shortlink":"https:\/\/wp.me\/PdHngF-5","jetpack-related-posts":[],"_links":{"self":[{"href":"https:\/\/staerk-bikes.nl\/de\/wp-json\/wp\/v2\/pages\/5","targetHints":{"allow":["GET"]}}],"collection":[{"href":"https:\/\/staerk-bikes.nl\/de\/wp-json\/wp\/v2\/pages"}],"about":[{"href":"https:\/\/staerk-bikes.nl\/de\/wp-json\/wp\/v2\/types\/page"}],"author":[{"embeddable":true,"href":"https:\/\/staerk-bikes.nl\/de\/wp-json\/wp\/v2\/users\/216779512"}],"replies":[{"embeddable":true,"href":"https:\/\/staerk-bikes.nl\/de\/wp-json\/wp\/v2\/comments?post=5"}],"version-history":[{"count":26,"href":"https:\/\/staerk-bikes.nl\/de\/wp-json\/wp\/v2\/pages\/5\/revisions"}],"predecessor-version":[{"id":1084,"href":"https:\/\/staerk-bikes.nl\/de\/wp-json\/wp\/v2\/pages\/5\/revisions\/1084"}],"wp:attachment":[{"href":"https:\/\/staerk-bikes.nl\/de\/wp-json\/wp\/v2\/media?parent=5"}],"curies":[{"name":"wp","href":"https:\/\/api.w.org\/{rel}","templated":true}]}}