{"id":558,"date":"2022-03-31T20:19:14","date_gmt":"2022-03-31T18:19:14","guid":{"rendered":"https:\/\/staerk-bikes.nl\/?page_id=558"},"modified":"2023-09-07T16:50:52","modified_gmt":"2023-09-07T14:50:52","slug":"privacyverklaring","status":"publish","type":"page","link":"https:\/\/staerk-bikes.nl\/de\/privacyverklaring\/","title":{"rendered":"Datenschutzerkl\u00e4rung"},"content":{"rendered":"<p>STAERK, mit Sitz in Havenstraat 59, 7005 AG Doetinchem, ist f\u00fcr die Verarbeitung personenbezogener Daten verantwortlich, wie in dieser Datenschutzerkl\u00e4rung dargestellt.<\/p>\n\n\n\n<p>Kontaktdaten: <br><a rel=\"noreferrer noopener\" href=\"https:\/\/staerk-bikes.nl\/de\/\" target=\"_blank\">https:\/\/staerk-bikes.nl<\/a> <br>Havenstraat 59 7005 <br>AG Doetinchem <br>+31636112114 <\/p>\n\n\n\n<p><strong>Personenbezogene Daten, die wir verarbeiten<\/strong> <br>STAERK verarbeitet Ihre personenbezogenen Daten, weil Sie unsere Dienste nutzen und\/oder weil Sie uns diese Informationen selbst zur Verf\u00fcgung stellen. Hier ist eine \u00dcbersicht der personenbezogenen Daten, die wir verarbeiten: <br>- Vor- und\/oder Nachname <br>- E-Mail-Adresse <br>- Telefonnummer <\/p>\n\n\n\n<p><strong>Besondere und\/oder sensible personenbezogene Daten, die wir verarbeiten<\/strong> Unsere Website und\/oder Dienst hat nicht die Absicht, Daten von Websitebesuchern unter 16 Jahren zu sammeln, es sei denn, sie haben die Zustimmung ihrer Eltern oder Erziehungsberechtigten. Wir k\u00f6nnen jedoch nicht \u00fcberpr\u00fcfen, ob ein Besucher \u00e4lter als 16 Jahre ist. Wir empfehlen daher Eltern, sich an den Online-Aktivit\u00e4ten ihrer Kinder zu beteiligen, um zu verhindern, dass Daten von Kindern ohne elterliche Zustimmung gesammelt werden. Wenn Sie jedoch der Meinung sind, dass wir ohne diese Zustimmung personenbezogene Daten \u00fcber einen Minderj\u00e4hrigen gesammelt haben, kontaktieren Sie uns bitte unter <a rel=\"noreferrer noopener\" href=\"mailto:info@staerk-bikes.nl\" target=\"_blank\">info@staerk-bikes.nl<\/a>, und wir werden diese Informationen l\u00f6schen. <\/p>\n\n\n\n<p><strong>Zu welchem Zweck und auf welcher Grundlage wir personenbezogene Daten verarbeiten<\/strong> <br>STAERK verarbeitet Ihre personenbezogenen Daten zu folgenden Zwecken: \n\n- Um Sie anzurufen oder zu mailen, wenn dies erforderlich ist, um unsere Dienstleistungen durchzuf\u00fchren. <\/p>\n\n\n\n<p><strong>Automatisierte Entscheidungsfindung<\/strong> <br>STAERK trifft auf Grundlage automatisierter Verarbeitung Entscheidungen \u00fcber Angelegenheiten, die f\u00fcr Personen (erhebliche) Auswirkungen haben k\u00f6nnen. Hierbei handelt es sich um Entscheidungen, die von Computerprogrammen oder -systemen getroffen werden, ohne dass ein Mensch (zum Beispiel ein Mitarbeiter von STAERK) eingreift. STAERK verwendet die folgenden Computerprogramme oder systeme:  <br>- E-Mail-Provider  <\/p>\n\n\n\n<p><strong>Wie lange wir personenbezogene Daten aufbewahren<\/strong> <br>STAERK bewahrt Ihre personenbezogenen Daten nicht l\u00e4nger als unbedingt erforderlich auf, um die Zwecke zu erreichen, f\u00fcr die Ihre Daten erhoben werden. Wir halten folgende Aufbewahrungsfristen f\u00fcr die folgenden Kategorien personenbezogener Daten ein: Nach Beantwortung der Fragen wird die E-Mail noch ca. 1 Jahr aufbewahrt. Dies dient dazu, eine Liste h\u00e4ufig gestellter Fragen (FAQ) erstellen zu k\u00f6nnen, und um gegebenenfalls auf fortschreitendes Wissen reagieren zu k\u00f6nnen. <\/p>\n\n\n\n<div style=\"height:100px\" aria-hidden=\"true\" class=\"wp-block-spacer\"><\/div>\n\n\n\n<div class=\"wp-block-group alignfull has-primary-background-color has-background\"><div class=\"wp-block-group__inner-container is-layout-flow wp-block-group-is-layout-flow\">\n<p class=\"has-text-align-center\"><strong>\u00a9<\/strong> ST\u00c6RK 2022<\/p>\n\n\n\n<p class=\"has-text-align-center\" style=\"font-size:14px\">Irrt\u00fcmer vorbehalten,es k\u00f6nnen keine Rechte oder Garantien f\u00fcr die Informationen auf der dieser Webseite abgeleitet werden. Ausstattung und Preise k\u00f6nnen auch ohne vorherige Ank\u00fcndigung ge\u00e4ndert werden. Aufgrund der Knappheit auf dem Teilemarkt kann es manchmal notwendig sein, auf alternative Bauteile auszuweichen oder es kann eine notwendige Preisanpassung erforderlich sein.<\/p>\n<\/div><\/div>","protected":false},"excerpt":{"rendered":"<p>STAERK, gevestigd aan Havenstraat 59, 7005 AG Doetinchem, is verantwoordelijk voor de verwerking van persoonsgegevens zoals weergegeven in deze privacyverklaring. Contactgegevens: <a href=\"https:\/\/staerk-bikes.nl\">https:\/\/staerk-bikes.nl<\/a> Havenstraat 59 7005 AG Doetinchem +31636112114 Persoonsgegevens die wij verwerken STAERK verwerkt uw persoonsgegevens doordat u gebruik maakt van onze diensten en\/of omdat u deze zelf aan ons verstrekt. Hieronder vindt u een [&hellip;]<\/p>\n","protected":false},"author":216779512,"featured_media":0,"parent":0,"menu_order":0,"comment_status":"closed","ping_status":"closed","template":"","meta":{"advanced_seo_description":"","jetpack_seo_html_title":"","jetpack_seo_noindex":false,"footnotes":""},"class_list":["post-558","page","type-page","status-publish","hentry"],"jetpack_likes_enabled":true,"jetpack_sharing_enabled":true,"jetpack_shortlink":"https:\/\/wp.me\/PdHngF-90","jetpack-related-posts":[],"_links":{"self":[{"href":"https:\/\/staerk-bikes.nl\/de\/wp-json\/wp\/v2\/pages\/558","targetHints":{"allow":["GET"]}}],"collection":[{"href":"https:\/\/staerk-bikes.nl\/de\/wp-json\/wp\/v2\/pages"}],"about":[{"href":"https:\/\/staerk-bikes.nl\/de\/wp-json\/wp\/v2\/types\/page"}],"author":[{"embeddable":true,"href":"https:\/\/staerk-bikes.nl\/de\/wp-json\/wp\/v2\/users\/216779512"}],"replies":[{"embeddable":true,"href":"https:\/\/staerk-bikes.nl\/de\/wp-json\/wp\/v2\/comments?post=558"}],"version-history":[{"count":8,"href":"https:\/\/staerk-bikes.nl\/de\/wp-json\/wp\/v2\/pages\/558\/revisions"}],"predecessor-version":[{"id":1085,"href":"https:\/\/staerk-bikes.nl\/de\/wp-json\/wp\/v2\/pages\/558\/revisions\/1085"}],"wp:attachment":[{"href":"https:\/\/staerk-bikes.nl\/de\/wp-json\/wp\/v2\/media?parent=558"}],"curies":[{"name":"wp","href":"https:\/\/api.w.org\/{rel}","templated":true}]}}