{"id":66,"date":"2022-02-16T21:53:21","date_gmt":"2022-02-16T20:53:21","guid":{"rendered":"https:\/\/staerk-bikes.nl\/?page_id=66"},"modified":"2025-11-26T15:38:19","modified_gmt":"2025-11-26T14:38:19","slug":"elektrische-modellen","status":"publish","type":"page","link":"https:\/\/staerk-bikes.nl\/de\/elektrische-modellen\/","title":{"rendered":"Elektrische Tandems"},"content":{"rendered":"<div class=\"wp-block-media-text alignwide is-stacked-on-mobile\"><figure class=\"wp-block-media-text__media\"><img data-recalc-dims=\"1\" loading=\"lazy\" decoding=\"async\" width=\"580\" height=\"580\" data-attachment-id=\"2961\" data-permalink=\"https:\/\/staerk-bikes.nl\/de\/2025\/03\/22\/staerk-tandem-t14\/t14\/\" data-orig-file=\"https:\/\/i0.wp.com\/staerk-bikes.nl\/wp-content\/uploads\/2025\/03\/T14.png?fit=2992%2C2992&amp;ssl=1\" data-orig-size=\"2992,2992\" data-comments-opened=\"0\" data-image-meta=\"{&quot;aperture&quot;:&quot;0&quot;,&quot;credit&quot;:&quot;&quot;,&quot;camera&quot;:&quot;&quot;,&quot;caption&quot;:&quot;&quot;,&quot;created_timestamp&quot;:&quot;0&quot;,&quot;copyright&quot;:&quot;&quot;,&quot;focal_length&quot;:&quot;0&quot;,&quot;iso&quot;:&quot;0&quot;,&quot;shutter_speed&quot;:&quot;0&quot;,&quot;title&quot;:&quot;&quot;,&quot;orientation&quot;:&quot;0&quot;}\" data-image-title=\"T14\" data-image-description=\"\" data-image-caption=\"\" data-large-file=\"https:\/\/i0.wp.com\/staerk-bikes.nl\/wp-content\/uploads\/2025\/03\/T14.png?fit=580%2C580&amp;ssl=1\" src=\"https:\/\/i0.wp.com\/staerk-bikes.nl\/wp-content\/uploads\/2025\/03\/T14.png?resize=580%2C580&#038;ssl=1\" alt=\"\" class=\"wp-image-2961 size-full\" srcset=\"https:\/\/i0.wp.com\/staerk-bikes.nl\/wp-content\/uploads\/2025\/03\/T14.png?resize=1024%2C1024&amp;ssl=1 1024w, https:\/\/i0.wp.com\/staerk-bikes.nl\/wp-content\/uploads\/2025\/03\/T14.png?resize=300%2C300&amp;ssl=1 300w, https:\/\/i0.wp.com\/staerk-bikes.nl\/wp-content\/uploads\/2025\/03\/T14.png?resize=150%2C150&amp;ssl=1 150w, https:\/\/i0.wp.com\/staerk-bikes.nl\/wp-content\/uploads\/2025\/03\/T14.png?resize=768%2C768&amp;ssl=1 768w, https:\/\/i0.wp.com\/staerk-bikes.nl\/wp-content\/uploads\/2025\/03\/T14.png?resize=1536%2C1536&amp;ssl=1 1536w, https:\/\/i0.wp.com\/staerk-bikes.nl\/wp-content\/uploads\/2025\/03\/T14.png?resize=2048%2C2048&amp;ssl=1 2048w, https:\/\/i0.wp.com\/staerk-bikes.nl\/wp-content\/uploads\/2025\/03\/T14.png?resize=12%2C12&amp;ssl=1 12w, https:\/\/i0.wp.com\/staerk-bikes.nl\/wp-content\/uploads\/2025\/03\/T14.png?resize=1200%2C1200&amp;ssl=1 1200w, https:\/\/i0.wp.com\/staerk-bikes.nl\/wp-content\/uploads\/2025\/03\/T14.png?resize=1980%2C1980&amp;ssl=1 1980w, https:\/\/i0.wp.com\/staerk-bikes.nl\/wp-content\/uploads\/2025\/03\/T14.png?w=1740&amp;ssl=1 1740w\" sizes=\"auto, (max-width: 580px) 100vw, 580px\" \/><\/figure><div class=\"wp-block-media-text__content\">\n<h2 class=\"wp-block-heading has-text-align-left\" id=\"bosch-elektrisch\">ST\u00c6RK Tandem T14<\/h2>\n\n\n\n<p class=\"has-text-align-left\"><em>\u20ac13.999,00<\/em><\/p>\n\n\n\n<p class=\"has-small-font-size\">De ST\u00c6RK T14 is het absolute topmodel uit de ST\u00c6RK collectie, een uitvoering met een stijlvol titanium frame. Dit model is sterker dan de andere fietsen in de collectie, dankzij het roestbestendige titanium dat geen lak nodig heeft. De Bosch Performance CX motor, met maar liefst 85 Nm trekkracht, biedt krachtige ondersteuning bij elke rit. De sterkere remmen en vaste voorvork zorgen voor extra controle en veiligheid, terwijl de breedte verstelbare zadels zorgen voor een comfortabele zit. De T14 is de perfecte keuze voor wie op zoek is naar een betrouwbare fiets, waarvan de waarde alleen maar groter wordt naarmate de tijd verstrijkt &#8211; een fiets voor je leven. <\/p>\n\n\n\n<div class=\"wp-block-buttons is-content-justification-center is-layout-flex wp-container-core-buttons-is-layout-16018d1d wp-block-buttons-is-layout-flex\">\n<div class=\"wp-block-button\"><a class=\"wp-block-button__link wp-element-button\" href=\"https:\/\/staerk-bikes.nl\/de\/2025\/03\/22\/staerk-tandem-t14\/\">Zus\u00e4tzliche Informationen<\/a><\/div>\n<\/div>\n<\/div><\/div>\n\n\n\n<div class=\"wp-block-media-text alignwide is-stacked-on-mobile\"><figure class=\"wp-block-media-text__media\"><img data-recalc-dims=\"1\" loading=\"lazy\" decoding=\"async\" width=\"580\" height=\"435\" data-attachment-id=\"223\" data-permalink=\"https:\/\/staerk-bikes.nl\/de\/staerk-tandem-d14-3-4-zijkant-1\/\" data-orig-file=\"https:\/\/i0.wp.com\/staerk-bikes.nl\/wp-content\/uploads\/2022\/03\/staerk-tandem-d14-3-4-zijkant-1.jpg?fit=3000%2C2250&amp;ssl=1\" data-orig-size=\"3000,2250\" data-comments-opened=\"0\" data-image-meta=\"{&quot;aperture&quot;:&quot;0&quot;,&quot;credit&quot;:&quot;&quot;,&quot;camera&quot;:&quot;&quot;,&quot;caption&quot;:&quot;&quot;,&quot;created_timestamp&quot;:&quot;0&quot;,&quot;copyright&quot;:&quot;&quot;,&quot;focal_length&quot;:&quot;0&quot;,&quot;iso&quot;:&quot;0&quot;,&quot;shutter_speed&quot;:&quot;0&quot;,&quot;title&quot;:&quot;&quot;,&quot;orientation&quot;:&quot;1&quot;}\" data-image-title=\"staerk-tandem-d14-3-4-zijkant-1\" data-image-description=\"\" data-image-caption=\"\" data-large-file=\"https:\/\/i0.wp.com\/staerk-bikes.nl\/wp-content\/uploads\/2022\/03\/staerk-tandem-d14-3-4-zijkant-1.jpg?fit=580%2C435&amp;ssl=1\" src=\"https:\/\/i0.wp.com\/staerk-bikes.nl\/wp-content\/uploads\/2022\/03\/staerk-tandem-d14-3-4-zijkant-1.jpg?resize=580%2C435&#038;ssl=1\" alt=\"\" class=\"wp-image-223 size-full\"\/><\/figure><div class=\"wp-block-media-text__content\">\n<h2 class=\"wp-block-heading has-text-align-left\" id=\"bosch-elektrisch\">ST\u00c6RK Tandem B14<\/h2>\n\n\n\n<p class=\"has-text-align-left\"><em>\u20ac9.249,00<\/em><\/p>\n\n\n\n<p class=\"has-small-font-size\">De ST\u00c6RK B14 is de koploper van de ST\u00c6RK collectie. Uitgerust met de Bosch Performance motor, het meest veelzijdige aandrijvingssysteem van Bosch dat altijd op het juiste moment de juiste ondersteuning biedt. Inclusief een versie van de Rohloff naaf die speciaal voor ST\u00c6RK is uitgevoerd met 48 spaken in tegenstelling tot het gebruikelijke aantal in de markt (36 spaken) voor een oersterk wiel. De verstelbare sturen met leren handvatten geven de tandem extra uitstraling.<\/p>\n\n\n\n<div class=\"wp-block-buttons is-content-justification-center is-layout-flex wp-container-core-buttons-is-layout-16018d1d wp-block-buttons-is-layout-flex\">\n<div class=\"wp-block-button\"><a class=\"wp-block-button__link wp-element-button\" href=\"https:\/\/staerk-bikes.nl\/de\/2022\/03\/30\/staerk-tandem-b14\/\">Zus\u00e4tzliche Informationen<\/a><\/div>\n<\/div>\n<\/div><\/div>\n\n\n\n<div class=\"wp-block-media-text alignwide is-stacked-on-mobile\"><figure class=\"wp-block-media-text__media\"><img data-recalc-dims=\"1\" loading=\"lazy\" decoding=\"async\" width=\"580\" height=\"409\" data-attachment-id=\"1588\" data-permalink=\"https:\/\/staerk-bikes.nl\/de\/elektrische-modellen\/b14-e14-oranje-1\/\" data-orig-file=\"https:\/\/i0.wp.com\/staerk-bikes.nl\/wp-content\/uploads\/2024\/02\/B14-E14-Oranje-1.jpg?fit=2388%2C1683&amp;ssl=1\" data-orig-size=\"2388,1683\" data-comments-opened=\"0\" data-image-meta=\"{&quot;aperture&quot;:&quot;0&quot;,&quot;credit&quot;:&quot;&quot;,&quot;camera&quot;:&quot;&quot;,&quot;caption&quot;:&quot;&quot;,&quot;created_timestamp&quot;:&quot;0&quot;,&quot;copyright&quot;:&quot;&quot;,&quot;focal_length&quot;:&quot;0&quot;,&quot;iso&quot;:&quot;0&quot;,&quot;shutter_speed&quot;:&quot;0&quot;,&quot;title&quot;:&quot;&quot;,&quot;orientation&quot;:&quot;0&quot;}\" data-image-title=\"B14-E14-Oranje-1\" data-image-description=\"\" data-image-caption=\"\" data-large-file=\"https:\/\/i0.wp.com\/staerk-bikes.nl\/wp-content\/uploads\/2024\/02\/B14-E14-Oranje-1.jpg?fit=580%2C409&amp;ssl=1\" src=\"https:\/\/i0.wp.com\/staerk-bikes.nl\/wp-content\/uploads\/2024\/02\/B14-E14-Oranje-1.jpg?resize=580%2C409&#038;ssl=1\" alt=\"\" class=\"wp-image-1588 size-full\" srcset=\"https:\/\/i0.wp.com\/staerk-bikes.nl\/wp-content\/uploads\/2024\/02\/B14-E14-Oranje-1.jpg?resize=1024%2C722&amp;ssl=1 1024w, https:\/\/i0.wp.com\/staerk-bikes.nl\/wp-content\/uploads\/2024\/02\/B14-E14-Oranje-1.jpg?resize=300%2C211&amp;ssl=1 300w, https:\/\/i0.wp.com\/staerk-bikes.nl\/wp-content\/uploads\/2024\/02\/B14-E14-Oranje-1.jpg?resize=768%2C541&amp;ssl=1 768w, https:\/\/i0.wp.com\/staerk-bikes.nl\/wp-content\/uploads\/2024\/02\/B14-E14-Oranje-1.jpg?resize=1536%2C1083&amp;ssl=1 1536w, https:\/\/i0.wp.com\/staerk-bikes.nl\/wp-content\/uploads\/2024\/02\/B14-E14-Oranje-1.jpg?resize=2048%2C1443&amp;ssl=1 2048w, https:\/\/i0.wp.com\/staerk-bikes.nl\/wp-content\/uploads\/2024\/02\/B14-E14-Oranje-1.jpg?resize=18%2C12&amp;ssl=1 18w, https:\/\/i0.wp.com\/staerk-bikes.nl\/wp-content\/uploads\/2024\/02\/B14-E14-Oranje-1.jpg?resize=1200%2C846&amp;ssl=1 1200w, https:\/\/i0.wp.com\/staerk-bikes.nl\/wp-content\/uploads\/2024\/02\/B14-E14-Oranje-1.jpg?resize=1980%2C1395&amp;ssl=1 1980w, https:\/\/i0.wp.com\/staerk-bikes.nl\/wp-content\/uploads\/2024\/02\/B14-E14-Oranje-1.jpg?w=1740&amp;ssl=1 1740w\" sizes=\"auto, (max-width: 580px) 100vw, 580px\" \/><\/figure><div class=\"wp-block-media-text__content\">\n<h2 class=\"wp-block-heading has-text-align-left\" id=\"bosch-elektrisch\">ST\u00c6RK Tandem BE14<\/h2>\n\n\n\n<p class=\"has-text-align-left\"><em>\u20ac9.999,00<\/em><\/p>\n\n\n\n<p class=\"has-small-font-size\">De ST\u00c6RK BE14 is net als de B14 met de Smart Bosch performance line motor uitgerust maar als extra ook met een <strong>elektrisch schaltende<\/strong> E14-Version der speziell f\u00fcr ST\u00c6RK entwickelten Rohloff-Nabe mit 48 Speichen im Gegensatz zur markt\u00fcblichen Anzahl (36 Speichen) f\u00fcr ein extrem starkes Laufrad.<\/p>\n\n\n\n<div class=\"wp-block-buttons is-content-justification-center is-layout-flex wp-container-core-buttons-is-layout-16018d1d wp-block-buttons-is-layout-flex\">\n<div class=\"wp-block-button\"><a class=\"wp-block-button__link wp-element-button\" href=\"https:\/\/staerk-bikes.nl\/de\/2024\/02\/15\/staerk-tandem-be14\/\">Zus\u00e4tzliche Informationen<\/a><\/div>\n<\/div>\n<\/div><\/div>\n\n\n\n<div class=\"wp-block-media-text alignwide is-stacked-on-mobile\"><figure class=\"wp-block-media-text__media\"><img data-recalc-dims=\"1\" loading=\"lazy\" decoding=\"async\" width=\"580\" height=\"387\" data-attachment-id=\"642\" data-permalink=\"https:\/\/staerk-bikes.nl\/de\/2022\/03\/30\/staerk-tandem-b10-2\/b10-rood-met-andere-stb\/\" data-orig-file=\"https:\/\/i0.wp.com\/staerk-bikes.nl\/wp-content\/uploads\/2022\/05\/b10-rood-met-andere-stb.jpg?fit=2787%2C1858&amp;ssl=1\" data-orig-size=\"2787,1858\" data-comments-opened=\"0\" data-image-meta=\"{&quot;aperture&quot;:&quot;10&quot;,&quot;credit&quot;:&quot;&quot;,&quot;camera&quot;:&quot;Canon EOS 1200D&quot;,&quot;caption&quot;:&quot;&quot;,&quot;created_timestamp&quot;:&quot;1652725088&quot;,&quot;copyright&quot;:&quot;&quot;,&quot;focal_length&quot;:&quot;55&quot;,&quot;iso&quot;:&quot;800&quot;,&quot;shutter_speed&quot;:&quot;0.016666666666667&quot;,&quot;title&quot;:&quot;&quot;,&quot;orientation&quot;:&quot;1&quot;}\" data-image-title=\"b10-rood-met-andere-stb\" data-image-description=\"\" data-image-caption=\"\" data-large-file=\"https:\/\/i0.wp.com\/staerk-bikes.nl\/wp-content\/uploads\/2022\/05\/b10-rood-met-andere-stb.jpg?fit=580%2C387&amp;ssl=1\" src=\"https:\/\/i0.wp.com\/staerk-bikes.nl\/wp-content\/uploads\/2022\/05\/b10-rood-met-andere-stb.jpg?resize=580%2C387&#038;ssl=1\" alt=\"\" class=\"wp-image-642 size-full\"\/><\/figure><div class=\"wp-block-media-text__content\">\n<h2 class=\"wp-block-heading has-text-align-left\" id=\"bosch-elektrisch\">ST\u00c6RK Tandem B10<\/h2>\n\n\n\n<p class=\"has-text-align-left\"><em>\u20ac8.499,00<\/em><\/p>\n\n\n\n<p class=\"has-small-font-size\">De ST\u00c6RK B10 is uitgevoerd met een Bosch Smart Performance motor. De Performance Line is het meest veelzijdige aandrijvingssysteem van Bosch en levert altijd op het juiste moment de juiste ondersteuning. De motor biedt ondersteuning tot 25 km\/u en wordt gekenmerkt door een natuurlijk sportief rijgevoel. De B10 heeft  10 versnellingen dmv een derailleur.<\/p>\n\n\n\n<p><em>Hinweis: Das Bild zeigt einen anderen Lenkerb\u00fcgel<\/em><\/p>\n\n\n\n<div class=\"wp-block-buttons is-content-justification-center is-layout-flex wp-container-core-buttons-is-layout-16018d1d wp-block-buttons-is-layout-flex\">\n<div class=\"wp-block-button add_filter( 'wpseo_next_rel_link', '__return_false' ); 'wpseo_prev_rel_link',\"><a class=\"wp-block-button__link wp-element-button\" href=\"https:\/\/staerk-bikes.nl\/de\/2022\/03\/10\/staerk-tandem-b10-2\/\">Zus\u00e4tzliche Informationen<\/a><\/div>\n<\/div>\n<\/div><\/div>\n\n\n\n<div class=\"wp-block-media-text alignwide is-stacked-on-mobile add_filter( 'wpseo_next_rel_link', '__return_false' ); 'wpseo_prev_rel_link',\"><figure class=\"wp-block-media-text__media\"><img data-recalc-dims=\"1\" loading=\"lazy\" decoding=\"async\" width=\"580\" height=\"395\" data-attachment-id=\"681\" data-permalink=\"https:\/\/staerk-bikes.nl\/de\/2022\/03\/30\/staerk-tandem-r14e\/staerk-r14e-rohloff-dapu-1\/\" data-orig-file=\"https:\/\/i0.wp.com\/staerk-bikes.nl\/wp-content\/uploads\/2022\/07\/staerk-r14e-rohloff-dapu-1.jpg?fit=1962%2C1337&amp;ssl=1\" data-orig-size=\"1962,1337\" data-comments-opened=\"0\" data-image-meta=\"{&quot;aperture&quot;:&quot;0&quot;,&quot;credit&quot;:&quot;&quot;,&quot;camera&quot;:&quot;&quot;,&quot;caption&quot;:&quot;&quot;,&quot;created_timestamp&quot;:&quot;0&quot;,&quot;copyright&quot;:&quot;&quot;,&quot;focal_length&quot;:&quot;0&quot;,&quot;iso&quot;:&quot;0&quot;,&quot;shutter_speed&quot;:&quot;0&quot;,&quot;title&quot;:&quot;&quot;,&quot;orientation&quot;:&quot;0&quot;}\" data-image-title=\"staerk-r14e-rohloff-dapu-1\" data-image-description=\"\" data-image-caption=\"\" data-large-file=\"https:\/\/i0.wp.com\/staerk-bikes.nl\/wp-content\/uploads\/2022\/07\/staerk-r14e-rohloff-dapu-1.jpg?fit=580%2C395&amp;ssl=1\" src=\"https:\/\/i0.wp.com\/staerk-bikes.nl\/wp-content\/uploads\/2022\/07\/staerk-r14e-rohloff-dapu-1.jpg?resize=580%2C395&#038;ssl=1\" alt=\"\" class=\"wp-image-681 size-full\"\/><\/figure><div class=\"wp-block-media-text__content\">\n<h2 class=\"wp-block-heading has-text-align-left\" id=\"bosch-elektrisch\">ST\u00c6RK Tandem R14E<\/h2>\n\n\n\n<p class=\"has-text-align-left\"><em><em>\u20ac7.699,00<\/em><\/em><\/p>\n\n\n\n<p class=\"has-small-font-size\">Das ST\u00c6RK R14E verf\u00fcgt \u00fcber eine Rohloff-Nabe mit 14 G\u00e4ngen und ist mit einem DAPU Vorderradmotor ausgestattet. Der Vorderradmotor hat den Vorteil, dass die Kraft direkt auf das Rad \u00fcbertragen wird und nicht \u00fcber die Kette geht. Zus\u00e4tzlich ist der Preis deutlich geringer. Die Rohloff-Nabe erm\u00f6glicht das Schalten unter allen Bedingungen.<\/p>\n\n\n\n<p><\/p>\n\n\n\n<div class=\"wp-block-buttons is-content-justification-center is-layout-flex wp-container-core-buttons-is-layout-16018d1d wp-block-buttons-is-layout-flex\">\n<div class=\"wp-block-button\"><a class=\"wp-block-button__link wp-element-button\" href=\"https:\/\/staerk-bikes.nl\/de\/2022\/03\/30\/staerk-tandem-r14e\/\">Zus\u00e4tzliche Informationen<\/a><\/div>\n<\/div>\n<\/div><\/div>\n\n\n\n<div class=\"wp-block-media-text alignwide is-stacked-on-mobile add_filter( 'wpseo_next_rel_link', '__return_false' ); 'wpseo_prev_rel_link',\"><figure class=\"wp-block-media-text__media\"><img data-recalc-dims=\"1\" loading=\"lazy\" decoding=\"async\" width=\"580\" height=\"387\" data-attachment-id=\"637\" data-permalink=\"https:\/\/staerk-bikes.nl\/de\/2022\/03\/30\/staerk-tandem-d30e\/staerk-d30e-front-motor2\/\" data-orig-file=\"https:\/\/i0.wp.com\/staerk-bikes.nl\/wp-content\/uploads\/2022\/05\/staerk-d30e-front-motor2.jpg?fit=2810%2C1874&amp;ssl=1\" data-orig-size=\"2810,1874\" data-comments-opened=\"0\" data-image-meta=\"{&quot;aperture&quot;:&quot;5.6&quot;,&quot;credit&quot;:&quot;&quot;,&quot;camera&quot;:&quot;Canon EOS 1200D&quot;,&quot;caption&quot;:&quot;&quot;,&quot;created_timestamp&quot;:&quot;1651771102&quot;,&quot;copyright&quot;:&quot;&quot;,&quot;focal_length&quot;:&quot;55&quot;,&quot;iso&quot;:&quot;800&quot;,&quot;shutter_speed&quot;:&quot;0.008&quot;,&quot;title&quot;:&quot;&quot;,&quot;orientation&quot;:&quot;1&quot;}\" data-image-title=\"staerk-d30e-front-motor2\" data-image-description=\"\" data-image-caption=\"\" data-large-file=\"https:\/\/i0.wp.com\/staerk-bikes.nl\/wp-content\/uploads\/2022\/05\/staerk-d30e-front-motor2.jpg?fit=580%2C387&amp;ssl=1\" src=\"https:\/\/i0.wp.com\/staerk-bikes.nl\/wp-content\/uploads\/2022\/05\/staerk-d30e-front-motor2.jpg?resize=580%2C387&#038;ssl=1\" alt=\"\" class=\"wp-image-637 size-full\"\/><\/figure><div class=\"wp-block-media-text__content\">\n<h2 class=\"wp-block-heading has-text-align-left\" id=\"bosch-elektrisch\">ST\u00c6RK Tandem D10E<\/h2>\n\n\n\n<p class=\"has-text-align-left\"><em>\u20ac6.499,00<\/em><\/p>\n\n\n\n<p class=\"has-small-font-size\">Das ST\u00c6RK D10E ist ein elektrisches Tandem mit einem DAPU Hinterrad- oder Vorderradmotor. Dieses System erm\u00f6glicht 10 G\u00e4nge in Kombination mit elektrischer Unterst\u00fctzung. Ein Vorteil des Antriebs im Rad ist, dass die Kraft\u00fcbertragung nicht \u00fcber die Kette erfolgt, was somit zu weniger Verschlei\u00df an den Teilen f\u00fchrt. Das D10E mit Hinterradmotor hat 36 Speichen im Hinterrad und eine robuste ST\u00c6RK Felge. Die Multigrifflenker und Scheibenbremsen machen es zu einem sportlichen Tandem.<\/p>\n\n\n\n<p><\/p>\n\n\n\n<div class=\"wp-block-buttons is-content-justification-center is-layout-flex wp-container-core-buttons-is-layout-16018d1d wp-block-buttons-is-layout-flex\">\n<div class=\"wp-block-button\"><a class=\"wp-block-button__link wp-element-button\" href=\"https:\/\/staerk-bikes.nl\/de\/2022\/03\/30\/staerk-tandem-d30e\/\">Zus\u00e4tzliche Informationen<\/a><\/div>\n<\/div>\n<\/div><\/div>\n\n\n\n<div class=\"wp-block-media-text alignwide is-stacked-on-mobile add_filter( 'wpseo_next_rel_link', '__return_false' ); 'wpseo_prev_rel_link',\"><figure class=\"wp-block-media-text__media\"><img data-recalc-dims=\"1\" loading=\"lazy\" decoding=\"async\" width=\"580\" height=\"400\" data-attachment-id=\"965\" data-permalink=\"https:\/\/staerk-bikes.nl\/de\/2023\/08\/09\/staerk-tandem-sport\/d30-sport-rood\/\" data-orig-file=\"https:\/\/i0.wp.com\/staerk-bikes.nl\/wp-content\/uploads\/2023\/08\/d30-sport-rood.png?fit=2604%2C1795&amp;ssl=1\" data-orig-size=\"2604,1795\" data-comments-opened=\"0\" data-image-meta=\"{&quot;aperture&quot;:&quot;0&quot;,&quot;credit&quot;:&quot;&quot;,&quot;camera&quot;:&quot;&quot;,&quot;caption&quot;:&quot;&quot;,&quot;created_timestamp&quot;:&quot;0&quot;,&quot;copyright&quot;:&quot;&quot;,&quot;focal_length&quot;:&quot;0&quot;,&quot;iso&quot;:&quot;0&quot;,&quot;shutter_speed&quot;:&quot;0&quot;,&quot;title&quot;:&quot;&quot;,&quot;orientation&quot;:&quot;0&quot;}\" data-image-title=\"d30-sport-rood\" data-image-description=\"\" data-image-caption=\"\" data-large-file=\"https:\/\/i0.wp.com\/staerk-bikes.nl\/wp-content\/uploads\/2023\/08\/d30-sport-rood.png?fit=580%2C400&amp;ssl=1\" src=\"https:\/\/i0.wp.com\/staerk-bikes.nl\/wp-content\/uploads\/2023\/08\/d30-sport-rood.png?resize=580%2C400&#038;ssl=1\" alt=\"\" class=\"wp-image-965 size-full\"\/><\/figure><div class=\"wp-block-media-text__content\">\n<h2 class=\"wp-block-heading has-text-align-left\" id=\"bosch-elektrisch\">ST\u00c6RK SPORT E<\/h2>\n\n\n\n<p class=\"has-text-align-left\">Ab <em>\u20ac5.999,00<\/em><\/p>\n\n\n\n<p class=\"has-small-font-size\">De ST\u00c6RK SPORT E is een sportieve tandem zonder poespas. Ideaal om lekkere toertochten te maken. Ook Gravel paden of stukken onverhard zijn daarbij geen probleem.<\/p>\n\n\n\n<p>Durch die MTB-Lenker, feste Sattelst\u00fctzen, AHS-Vorbauten und die Reduzierung vieler Accessoires ist dieses Modell sportlicher (und leichter) als die ausgestattete Variante.<\/p>\n\n\n\n<p>Diese Ausf\u00fchrung kann als D10SportE (wie abgebildet) oder in jeder anderen Variante hergestellt werden, sowohl mit Bosch- als auch mit Dapu-Motor, mit Umwerfer oder Rohloff-Nabe. Insgesamt ist die Sportausf\u00fchrung circa 500 Euro g\u00fcnstiger als die ausgestattete Variante.<\/p>\n\n\n\n<p>Nat\u00fcrlich kann dieses Modell nach Ihren W\u00fcnschen individualisiert werden.<\/p>\n\n\n\n<p><\/p>\n\n\n\n<div class=\"wp-block-buttons is-content-justification-center is-layout-flex wp-container-core-buttons-is-layout-16018d1d wp-block-buttons-is-layout-flex\">\n<div class=\"wp-block-button\"><a class=\"wp-block-button__link wp-element-button\" href=\"http:\/\/staerk-bikes.nl\/de\/2023\/08\/09\/staerk-tandem-sport\/\">Zus\u00e4tzliche Informationen<\/a><\/div>\n<\/div>\n<\/div><\/div>\n\n\n\n<div class=\"wp-block-group alignfull has-primary-background-color has-background\"><div class=\"wp-block-group__inner-container is-layout-flow wp-block-group-is-layout-flow\">\n<p class=\"has-text-align-center\"><strong>\u00a9<\/strong> ST\u00c6RK 2024<\/p>\n\n\n\n<p class=\"has-text-align-center\" style=\"font-size:14px\">Irrt\u00fcmer vorbehalten,es k\u00f6nnen keine Rechte oder Garantien f\u00fcr die Informationen auf der dieser Webseite abgeleitet werden. Ausstattung und Preise k\u00f6nnen auch ohne vorherige Ank\u00fcndigung ge\u00e4ndert werden. Aufgrund der Knappheit auf dem Teilemarkt kann es manchmal notwendig sein, auf alternative Bauteile auszuweichen oder es kann eine notwendige Preisanpassung erforderlich sein.<\/p>\n<\/div><\/div>","protected":false},"excerpt":{"rendered":"<p>\u00a9 ST\u00c6RK 2024 Fouten voorbehouden, er zijn geen rechten of garanties te verbinden aan de informatie op deze site. Specificaties en prijzen kunnen aangepast worden zonder voorafgaande melding. Gezien de schaarste op de onderdelenmarkt moet er soms uitgeweken worden naar andere onderdelen of kan er een plotselinge prijswijziging nodig zijn.<\/p>","protected":false},"author":216779512,"featured_media":0,"parent":0,"menu_order":0,"comment_status":"closed","ping_status":"closed","template":"","meta":{"advanced_seo_description":"","jetpack_seo_html_title":"","jetpack_seo_noindex":false,"footnotes":""},"class_list":["post-66","page","type-page","status-publish","hentry"],"jetpack_likes_enabled":true,"jetpack_sharing_enabled":true,"jetpack_shortlink":"https:\/\/wp.me\/PdHngF-14","jetpack-related-posts":[],"_links":{"self":[{"href":"https:\/\/staerk-bikes.nl\/de\/wp-json\/wp\/v2\/pages\/66","targetHints":{"allow":["GET"]}}],"collection":[{"href":"https:\/\/staerk-bikes.nl\/de\/wp-json\/wp\/v2\/pages"}],"about":[{"href":"https:\/\/staerk-bikes.nl\/de\/wp-json\/wp\/v2\/types\/page"}],"author":[{"embeddable":true,"href":"https:\/\/staerk-bikes.nl\/de\/wp-json\/wp\/v2\/users\/216779512"}],"replies":[{"embeddable":true,"href":"https:\/\/staerk-bikes.nl\/de\/wp-json\/wp\/v2\/comments?post=66"}],"version-history":[{"count":35,"href":"https:\/\/staerk-bikes.nl\/de\/wp-json\/wp\/v2\/pages\/66\/revisions"}],"predecessor-version":[{"id":4079,"href":"https:\/\/staerk-bikes.nl\/de\/wp-json\/wp\/v2\/pages\/66\/revisions\/4079"}],"wp:attachment":[{"href":"https:\/\/staerk-bikes.nl\/de\/wp-json\/wp\/v2\/media?parent=66"}],"curies":[{"name":"wp","href":"https:\/\/api.w.org\/{rel}","templated":true}]}}