{"id":572,"date":"2022-04-11T15:39:20","date_gmt":"2022-04-11T13:39:20","guid":{"rendered":"https:\/\/staerk-bikes.nl\/?page_id=572"},"modified":"2026-03-11T17:01:12","modified_gmt":"2026-03-11T16:01:12","slug":"dealers","status":"publish","type":"page","link":"https:\/\/staerk-bikes.nl\/en\/dealers\/","title":{"rendered":"Dealers"},"content":{"rendered":"<p>You are welcome to view the ST\u00c6RK tandems in Doetinchem (appointment only), but the dealers listed below also have one or more ST\u00c6RK tandems in stock.*<\/p>\n\n\n\n<p class=\"has-small-font-size\">*Subject to availability.<\/p>\n\n\n\n<div class=\"wp-block-jetpack-map is-style-default\" data-map-id=\"jp-map-1\" data-map-provider=\"mapkit\" data-api-key=\"pk.eyJ1IjoiYXV0b21hdHRpYyIsImEiOiJjazVpZjA5aWswYTFvM21sOWtzNW1rNG9lIn0.Gu-sp4wRxnnQB-Qa8CpuZQ\" data-map-style=\"default\" data-blog-id=\"202429917\"><ul><li><a href=\"https:\/\/www.google.com\/maps\/search\/?api=1&amp;query=51.949156,6.302677\">ST\u00c6RK Hoofdkantoor<\/a><\/li><li><a href=\"https:\/\/www.google.com\/maps\/search\/?api=1&amp;query=52.681666,6.182272\">Rijwielhandel Lambert Pot BV<\/a><\/li><li><a href=\"https:\/\/www.google.com\/maps\/search\/?api=1&amp;query=51.888041,4.161415\">Van Oudenaarden &#8211; Brielle<\/a><\/li><li><a href=\"https:\/\/www.google.com\/maps\/search\/?api=1&amp;query=51.555818,5.082474\">Van der Ven<\/a><\/li><li><a href=\"https:\/\/www.google.com\/maps\/search\/?api=1&amp;query=51.970543,6.716528\">Oonk Speciaalzaak<\/a><\/li><li><a href=\"https:\/\/www.google.com\/maps\/search\/?api=1&amp;query=51.984684,5.493704\">Sector2bikes<\/a><\/li><li><a href=\"https:\/\/www.google.com\/maps\/search\/?api=1&amp;query=52.091743,5.130983\">Kok Fietsen<\/a><\/li><li><a href=\"https:\/\/www.google.com\/maps\/search\/?api=1&amp;query=52.507493,6.099828\">Bergsma &#8211; Zwolle<\/a><\/li><li><a href=\"https:\/\/www.google.com\/maps\/search\/?api=1&amp;query=51.85963,6.48561\">Harm Takke Tweewielers<\/a><\/li><li><a href=\"https:\/\/www.google.com\/maps\/search\/?api=1&amp;query=51.496151,3.617051\">Fietsspecialist Piet Voskamp<\/a><\/li><li><a href=\"https:\/\/www.google.com\/maps\/search\/?api=1&amp;query=53.220377,5.946653\">Meindert Fietsspecialist &#8211; Hardegerijp<\/a><\/li><li><a href=\"https:\/\/www.google.com\/maps\/search\/?api=1&amp;query=51.538283,4.574648\">Martens Tweewielers<\/a><\/li><li><a href=\"https:\/\/www.google.com\/maps\/search\/?api=1&amp;query=51.970094,6.289006\">Bulten &#8211; Doetinchem<\/a><\/li><li><a href=\"https:\/\/www.google.com\/maps\/search\/?api=1&amp;query=52.02894592285156,5.161853790283203\">Bike Store &#8211; Houten<\/a><\/li><li><a href=\"https:\/\/www.google.com\/maps\/search\/?api=1&amp;query=51.224632263183594,4.916872024536133\">Vroemans &#8211; Lichtaart<\/a><\/li><li><a href=\"https:\/\/www.google.com\/maps\/search\/?api=1&amp;query=50.98546600341797,3.5310819149017334\">Deinze, Belgi\u00eb<\/a><\/li><li><a href=\"https:\/\/www.google.com\/maps\/search\/?api=1&amp;query=50.98363494873047,5.051747798919678\">Bike republic &#8211; Diest<\/a><\/li><li><a href=\"https:\/\/www.google.com\/maps\/search\/?api=1&amp;query=53.9831657409668,-2.1054155826568604\">JD Tandems Gargrave, Craven<\/a><\/li><li><a href=\"https:\/\/www.google.com\/maps\/search\/?api=1&amp;query=51.5818349,6.2474742\">Michalik Kevelaer<\/a><\/li><li><a href=\"https:\/\/www.google.com\/maps\/search\/?api=1&amp;query=52.7309614,8.2615846\">Buld &#8211; Vechta<\/a><\/li><li><a href=\"https:\/\/www.google.com\/maps\/search\/?api=1&amp;query=50.8626019,5.732673\">Zuydfiets, Maastricht<\/a><\/li><li><a href=\"https:\/\/www.google.com\/maps\/search\/?api=1&amp;query=53.4515826,5.8012312\">Metz fietsverhuur Buren<\/a><\/li><li><a href=\"https:\/\/www.google.com\/maps\/search\/?api=1&amp;query=52.9264149,7.0180467\">Musselkanaal, Nederland<\/a><\/li><li><a href=\"https:\/\/www.google.com\/maps\/search\/?api=1&amp;query=53.2065575,6.6826109\">Ditrich Harkstede<\/a><\/li><li><a href=\"https:\/\/www.google.com\/maps\/search\/?api=1&amp;query=51.1093912,17.0314921\">Wroc\u0142aw, Polen<\/a><\/li><li><a href=\"https:\/\/www.google.com\/maps\/search\/?api=1&amp;query=60.3973322,22.3070867\">SIM SPORT OY<\/a><\/li><li><a href=\"https:\/\/www.google.com\/maps\/search\/?api=1&amp;query=52.8242807,5.9664618\">8375 AX, Oldemarkt, Nederland<\/a><\/li><\/ul><\/div>\n\n\n\n<p>Are you not on this list but would you like to be? Contact us to discuss collaboration opportunities. <\/p>\n\n\n\n<div class=\"wp-block-group alignfull has-primary-background-color has-background\"><div class=\"wp-block-group__inner-container is-layout-flow wp-block-group-is-layout-flow\">\n<p class=\"has-text-align-center\"><strong>\u00a9<\/strong> ST\u00c6RK 2022<\/p>\n\n\n\n<p class=\"has-text-align-center\" style=\"font-size:14px\">Subject to errors, no rights or guarantees can be attained from the information on this site. Specifications and prices may be adjusted without prior notice. Due to the scarcity of parts in the market there may be instances where different parts need to be used or sudden price changes may occur.<\/p>\n<\/div><\/div>","protected":false},"excerpt":{"rendered":"<p>U kunt de ST\u00c6RK tandems natuurlijk komen bekijken in Doetinchem (afspraak maken is gewenst) maar de onderstaande dealers hebben ook \u00e9\u00e9n of meerdere ST\u00c6RK tandem(s) op voorraad.* *Onder voorbehoud Sta jij niet op deze lijst maar zou je dat wel graag willen? Neem contact met ons op om de samenwerkingsmogelijkheden te bespreken. \u00a9 ST\u00c6RK 2022 [&hellip;]<\/p>\n","protected":false},"author":216779512,"featured_media":0,"parent":0,"menu_order":0,"comment_status":"closed","ping_status":"closed","template":"","meta":{"advanced_seo_description":"","jetpack_seo_html_title":"","jetpack_seo_noindex":false,"jetpack_post_was_ever_published":false,"footnotes":""},"class_list":["post-572","page","type-page","status-publish","hentry"],"jetpack_likes_enabled":true,"jetpack_sharing_enabled":true,"jetpack_shortlink":"https:\/\/wp.me\/PdHngF-9e","jetpack-related-posts":[],"_links":{"self":[{"href":"https:\/\/staerk-bikes.nl\/en\/wp-json\/wp\/v2\/pages\/572","targetHints":{"allow":["GET"]}}],"collection":[{"href":"https:\/\/staerk-bikes.nl\/en\/wp-json\/wp\/v2\/pages"}],"about":[{"href":"https:\/\/staerk-bikes.nl\/en\/wp-json\/wp\/v2\/types\/page"}],"author":[{"embeddable":true,"href":"https:\/\/staerk-bikes.nl\/en\/wp-json\/wp\/v2\/users\/216779512"}],"replies":[{"embeddable":true,"href":"https:\/\/staerk-bikes.nl\/en\/wp-json\/wp\/v2\/comments?post=572"}],"version-history":[{"count":57,"href":"https:\/\/staerk-bikes.nl\/en\/wp-json\/wp\/v2\/pages\/572\/revisions"}],"predecessor-version":[{"id":4308,"href":"https:\/\/staerk-bikes.nl\/en\/wp-json\/wp\/v2\/pages\/572\/revisions\/4308"}],"wp:attachment":[{"href":"https:\/\/staerk-bikes.nl\/en\/wp-json\/wp\/v2\/media?parent=572"}],"curies":[{"name":"wp","href":"https:\/\/api.w.org\/{rel}","templated":true}]}}